{"id":547,"date":"2021-10-22T03:23:58","date_gmt":"2021-10-22T03:23:58","guid":{"rendered":"https:\/\/fahub.org.br\/?page_id=547"},"modified":"2025-07-09T13:32:07","modified_gmt":"2025-07-09T13:32:07","slug":"cliente-login","status":"publish","type":"page","link":"https:\/\/fahub.org.br\/?page_id=547","title":{"rendered":"Cliente Login"},"content":{"rendered":"\t\t<div data-elementor-type=\"wp-page\" data-elementor-id=\"547\" class=\"elementor elementor-547\" data-elementor-post-type=\"page\">\n\t\t\t\t\t\t<section class=\"elementor-section elementor-top-section elementor-element elementor-element-2e668191 elementor-section-boxed elementor-section-height-default elementor-section-height-default\" data-id=\"2e668191\" data-element_type=\"section\" data-e-type=\"section\">\n\t\t\t\t\t\t<div class=\"elementor-container elementor-column-gap-default\">\n\t\t\t\t\t<div class=\"elementor-column elementor-col-100 elementor-top-column elementor-element elementor-element-3b489d7a\" data-id=\"3b489d7a\" data-element_type=\"column\" data-e-type=\"column\">\n\t\t\t<div class=\"elementor-widget-wrap\">\n\t\t\t\t\t\t\t<\/div>\n\t\t<\/div>\n\t\t\t\t\t<\/div>\n\t\t<\/section>\n\t\t\t\t<section class=\"elementor-section elementor-top-section elementor-element elementor-element-5537d0c elementor-section-height-full elementor-section-boxed elementor-section-height-default elementor-section-items-middle\" data-id=\"5537d0c\" data-element_type=\"section\" data-e-type=\"section\" data-settings=\"{&quot;background_background&quot;:&quot;video&quot;,&quot;background_video_link&quot;:&quot;https:\\\/\\\/www.youtube.com\\\/watch?v=ZcBw06UbAws&quot;,&quot;background_play_on_mobile&quot;:&quot;yes&quot;}\">\n\t\t\t\t\t\t\t\t<div class=\"elementor-background-video-container\">\n\t\t\t\t\t\t\t\t\t\t\t\t\t<div class=\"elementor-background-video-embed\" role=\"presentation\"><\/div>\n\t\t\t\t\t\t\t\t\t\t\t\t<\/div>\n\t\t\t\t\t\t\t\t\t<div class=\"elementor-background-overlay\"><\/div>\n\t\t\t\t\t\t\t<div class=\"elementor-container elementor-column-gap-default\">\n\t\t\t\t\t<div class=\"elementor-column elementor-col-50 elementor-top-column elementor-element elementor-element-11bbc13\" data-id=\"11bbc13\" data-element_type=\"column\" data-e-type=\"column\">\n\t\t\t<div class=\"elementor-widget-wrap elementor-element-populated\">\n\t\t\t\t\t\t<section class=\"elementor-section elementor-inner-section elementor-element elementor-element-4ace573 elementor-section-boxed elementor-section-height-default elementor-section-height-default\" data-id=\"4ace573\" data-element_type=\"section\" data-e-type=\"section\">\n\t\t\t\t\t\t<div class=\"elementor-container elementor-column-gap-default\">\n\t\t\t\t\t<div class=\"elementor-column elementor-col-50 elementor-inner-column elementor-element elementor-element-580ff1e\" data-id=\"580ff1e\" data-element_type=\"column\" data-e-type=\"column\">\n\t\t\t<div class=\"elementor-widget-wrap elementor-element-populated\">\n\t\t\t\t\t\t<div class=\"elementor-element elementor-element-264dff62 elementor-widget elementor-widget-heading\" data-id=\"264dff62\" data-element_type=\"widget\" data-e-type=\"widget\" data-widget_type=\"heading.default\">\n\t\t\t\t<div class=\"elementor-widget-container\">\n\t\t\t\t\t<h1 class=\"elementor-heading-title elementor-size-default\">login<\/h1>\t\t\t\t<\/div>\n\t\t\t\t<\/div>\n\t\t\t\t<div class=\"elementor-element elementor-element-10b33d3d elementor-widget elementor-widget-heading\" data-id=\"10b33d3d\" data-element_type=\"widget\" data-e-type=\"widget\" data-widget_type=\"heading.default\">\n\t\t\t\t<div class=\"elementor-widget-container\">\n\t\t\t\t\t<h3 class=\"elementor-heading-title elementor-size-default\">Acessar Area do Associado<\/h3>\t\t\t\t<\/div>\n\t\t\t\t<\/div>\n\t\t\t\t<div class=\"elementor-element elementor-element-306737d elementor-widget elementor-widget-html\" data-id=\"306737d\" data-element_type=\"widget\" data-e-type=\"widget\" data-widget_type=\"html.default\">\n\t\t\t\t<div class=\"elementor-widget-container\">\n\t\t\t\t\t<center><p><\/p>\r\n<pre class=\"wp-block-code\"><code><\/code><\/pre>\r\n<p><\/p>\r\n<p><\/p>\r\n<form method=\"post\" action=\"https:\/\/fahub.online\/dologin.php\">\r\n    \r\nEmail : <input type=\"text\" name=\"username\" size=\"20\"><br>Senha: <input type=\"password\" name=\"password\" size=\"10\" autocomplete=\"off\"><br><br><input type=\"submit\" value=\"Login\"><br>\r\n<\/form>\r\n<p><\/p><\/center>\t\t\t\t<\/div>\n\t\t\t\t<\/div>\n\t\t\t\t\t<\/div>\n\t\t<\/div>\n\t\t\t\t<div class=\"elementor-column elementor-col-50 elementor-inner-column elementor-element elementor-element-00ff682\" data-id=\"00ff682\" data-element_type=\"column\" data-e-type=\"column\">\n\t\t\t<div class=\"elementor-widget-wrap\">\n\t\t\t\t\t\t\t<\/div>\n\t\t<\/div>\n\t\t\t\t\t<\/div>\n\t\t<\/section>\n\t\t\t\t\t<\/div>\n\t\t<\/div>\n\t\t\t\t<div class=\"elementor-column elementor-col-50 elementor-top-column elementor-element elementor-element-36c0a0e\" data-id=\"36c0a0e\" data-element_type=\"column\" data-e-type=\"column\">\n\t\t\t<div class=\"elementor-widget-wrap elementor-element-populated\">\n\t\t\t\t\t\t<div class=\"elementor-element elementor-element-b79079f elementor-widget elementor-widget-text-editor\" data-id=\"b79079f\" data-element_type=\"widget\" data-e-type=\"widget\" data-widget_type=\"text-editor.default\">\n\t\t\t\t<div class=\"elementor-widget-container\">\n\t\t\t\t\t\t\t\t\t<p>Como acessar Minha Fatura<\/p>\t\t\t\t\t\t\t\t<\/div>\n\t\t\t\t<\/div>\n\t\t\t\t<div class=\"elementor-element elementor-element-dd157a5 elementor-widget elementor-widget-video\" data-id=\"dd157a5\" data-element_type=\"widget\" data-e-type=\"widget\" data-settings=\"{&quot;youtube_url&quot;:&quot;https:\\\/\\\/www.youtube.com\\\/watch?v=8kiACQRu2Us&quot;,&quot;video_type&quot;:&quot;youtube&quot;,&quot;controls&quot;:&quot;yes&quot;}\" data-widget_type=\"video.default\">\n\t\t\t\t<div class=\"elementor-widget-container\">\n\t\t\t\t\t\t\t<div class=\"elementor-wrapper elementor-open-inline\">\n\t\t\t<div class=\"elementor-video\"><\/div>\t\t<\/div>\n\t\t\t\t\t\t<\/div>\n\t\t\t\t<\/div>\n\t\t\t\t<div class=\"elementor-element elementor-element-ad0fcac elementor-align-center elementor-invisible elementor-widget elementor-widget-button\" data-id=\"ad0fcac\" data-element_type=\"widget\" data-e-type=\"widget\" data-settings=\"{&quot;_animation&quot;:&quot;tada&quot;}\" data-widget_type=\"button.default\">\n\t\t\t\t<div class=\"elementor-widget-container\">\n\t\t\t\t\t\t\t\t\t<div class=\"elementor-button-wrapper\">\n\t\t\t\t\t<a class=\"elementor-button elementor-size-sm\" role=\"button\">\n\t\t\t\t\t\t<span class=\"elementor-button-content-wrapper\">\n\t\t\t\t\t\t\t\t\t<span class=\"elementor-button-text\">COMUNICADO IMPORTANTE AUXILIO INDENIZATORIO<\/span>\n\t\t\t\t\t<\/span>\n\t\t\t\t\t<\/a>\n\t\t\t\t<\/div>\n\t\t\t\t\t\t\t\t<\/div>\n\t\t\t\t<\/div>\n\t\t\t\t\t<\/div>\n\t\t<\/div>\n\t\t\t\t\t<\/div>\n\t\t<\/section>\n\t\t<div class=\"elementor-element elementor-element-e48dd4a e-flex e-con-boxed e-con e-parent\" data-id=\"e48dd4a\" data-element_type=\"container\" data-e-type=\"container\">\n\t\t\t\t\t<div class=\"e-con-inner\">\n\t\t\t\t<div class=\"elementor-element elementor-element-ab1d983 elementor-widget-divider--view-line elementor-widget elementor-widget-divider\" data-id=\"ab1d983\" data-element_type=\"widget\" data-e-type=\"widget\" data-widget_type=\"divider.default\">\n\t\t\t\t<div class=\"elementor-widget-container\">\n\t\t\t\t\t\t\t<div class=\"elementor-divider\">\n\t\t\t<span class=\"elementor-divider-separator\">\n\t\t\t\t\t\t<\/span>\n\t\t<\/div>\n\t\t\t\t\t\t<\/div>\n\t\t\t\t<\/div>\n\t\t\t\t\t<\/div>\n\t\t\t\t<\/div>\n\t\t<div class=\"elementor-element elementor-element-55ddfb5 e-flex e-con-boxed e-con e-parent\" data-id=\"55ddfb5\" data-element_type=\"container\" data-e-type=\"container\">\n\t\t\t\t\t<div class=\"e-con-inner\">\n\t\t\t\t<div class=\"elementor-element elementor-element-35dc0ce elementor-widget elementor-widget-image\" data-id=\"35dc0ce\" data-element_type=\"widget\" data-e-type=\"widget\" data-widget_type=\"image.default\">\n\t\t\t\t<div class=\"elementor-widget-container\">\n\t\t\t\t\t\t\t\t\t\t\t\t\t\t\t<img fetchpriority=\"high\" decoding=\"async\" width=\"841\" height=\"67\" src=\"https:\/\/fahub.org.br\/wp-content\/uploads\/2025\/07\/boleto-site-1.jpg\" class=\"attachment-1536x1536 size-1536x1536 wp-image-4854\" alt=\"\" srcset=\"https:\/\/fahub.org.br\/wp-content\/uploads\/2025\/07\/boleto-site-1.jpg 841w, https:\/\/fahub.org.br\/wp-content\/uploads\/2025\/07\/boleto-site-1-300x24.jpg 300w, https:\/\/fahub.org.br\/wp-content\/uploads\/2025\/07\/boleto-site-1-768x61.jpg 768w\" sizes=\"(max-width: 841px) 100vw, 841px\" \/>\t\t\t\t\t\t\t\t\t\t\t\t\t\t\t<\/div>\n\t\t\t\t<\/div>\n\t\t\t\t\t<\/div>\n\t\t\t\t<\/div>\n\t\t<div class=\"elementor-element elementor-element-ead713c e-flex e-con-boxed e-con e-parent\" data-id=\"ead713c\" data-element_type=\"container\" data-e-type=\"container\">\n\t\t\t\t\t<div class=\"e-con-inner\">\n\t\t\t\t<div class=\"elementor-element elementor-element-c63d0f7 elementor-widget elementor-widget-text-editor\" data-id=\"c63d0f7\" data-element_type=\"widget\" data-e-type=\"widget\" data-widget_type=\"text-editor.default\">\n\t\t\t\t<div class=\"elementor-widget-container\">\n\t\t\t\t\t\t\t\t\t<ul>\n<li><strong data-start=\"171\" data-end=\"184\">Fatura N\u00ba<\/strong>: N\u00famero de identifica\u00e7\u00e3o da fatura.<\/li>\n<li data-start=\"221\" data-end=\"288\">\n<p data-start=\"223\" data-end=\"288\"><strong data-start=\"223\" data-end=\"241\">Data da Fatura<\/strong>: Quando a fatura foi emitida \u2013 <strong data-start=\"273\" data-end=\"287\">10\/06\/2025<\/strong>.<\/p>\n<\/li>\n<li data-start=\"289\" data-end=\"353\">\n<p data-start=\"291\" data-end=\"353\"><strong data-start=\"291\" data-end=\"305\">Vencimento<\/strong>: Data de vencimento da fatura \u2013 <strong data-start=\"338\" data-end=\"352\">09\/08\/2025<\/strong>.<\/p>\n<\/li>\n<li data-start=\"354\" data-end=\"419\">\n<p data-start=\"356\" data-end=\"419\"><strong data-start=\"356\" data-end=\"367\">Pago em<\/strong>: Quando o pagamento \u00e9 compensado no banco e baixado no sistema.<\/p>\n<\/li>\n<\/ul>\t\t\t\t\t\t\t\t<\/div>\n\t\t\t\t<\/div>\n\t\t\t\t\t<\/div>\n\t\t\t\t<\/div>\n\t\t<div class=\"elementor-element elementor-element-9df1431 e-flex e-con-boxed e-con e-parent\" data-id=\"9df1431\" data-element_type=\"container\" data-e-type=\"container\">\n\t\t\t\t\t<div class=\"e-con-inner\">\n\t\t\t\t<div class=\"elementor-element elementor-element-805bcfa elementor-widget-divider--view-line elementor-widget elementor-widget-divider\" data-id=\"805bcfa\" data-element_type=\"widget\" data-e-type=\"widget\" data-widget_type=\"divider.default\">\n\t\t\t\t<div class=\"elementor-widget-container\">\n\t\t\t\t\t\t\t<div class=\"elementor-divider\">\n\t\t\t<span class=\"elementor-divider-separator\">\n\t\t\t\t\t\t<\/span>\n\t\t<\/div>\n\t\t\t\t\t\t<\/div>\n\t\t\t\t<\/div>\n\t\t\t\t\t<\/div>\n\t\t\t\t<\/div>\n\t\t\t\t<\/div>\n\t\t","protected":false},"excerpt":{"rendered":"<p>login Acessar Area do Associado Email : Senha: Como acessar Minha Fatura https:\/\/www.youtube.com\/watch?v=8kiACQRu2Us COMUNICADO IMPORTANTE AUXILIO INDENIZATORIO Fatura N\u00ba: N\u00famero de identifica\u00e7\u00e3o da fatura. Data da Fatura: Quando a fatura foi emitida \u2013 10\/06\/2025. Vencimento: Data de vencimento da fatura \u2013 09\/08\/2025. Pago em: Quando o pagamento \u00e9 compensado no banco e baixado no sistema.<\/p>\n","protected":false},"author":1,"featured_media":0,"parent":0,"menu_order":0,"comment_status":"closed","ping_status":"closed","template":"","meta":{"footnotes":""},"class_list":["post-547","page","type-page","status-publish","hentry"],"yoast_head":"<!-- This site is optimized with the Yoast SEO plugin v21.9.1 - https:\/\/yoast.com\/wordpress\/plugins\/seo\/ -->\n<title>Cliente Login - FAHUB<\/title>\n<meta name=\"robots\" content=\"index, follow, max-snippet:-1, max-image-preview:large, max-video-preview:-1\" \/>\n<link rel=\"canonical\" href=\"https:\/\/fahub.org.br\/?page_id=547\" \/>\n<meta property=\"og:locale\" content=\"pt_BR\" \/>\n<meta property=\"og:type\" content=\"article\" \/>\n<meta property=\"og:title\" content=\"Cliente Login - FAHUB\" \/>\n<meta property=\"og:description\" content=\"login Acessar Area do Associado Email : Senha: Como acessar Minha Fatura https:\/\/www.youtube.com\/watch?v=8kiACQRu2Us COMUNICADO IMPORTANTE AUXILIO INDENIZATORIO Fatura N\u00ba: N\u00famero de identifica\u00e7\u00e3o da fatura. Data da Fatura: Quando a fatura foi emitida \u2013 10\/06\/2025. Vencimento: Data de vencimento da fatura \u2013 09\/08\/2025. Pago em: Quando o pagamento \u00e9 compensado no banco e baixado no sistema.\" \/>\n<meta property=\"og:url\" content=\"https:\/\/fahub.org.br\/?page_id=547\" \/>\n<meta property=\"og:site_name\" content=\"FAHUB\" \/>\n<meta property=\"article:modified_time\" content=\"2025-07-09T13:32:07+00:00\" \/>\n<meta property=\"og:image\" content=\"https:\/\/fahub.org.br\/wp-content\/uploads\/2025\/07\/boleto-site-1.jpg\" \/>\n<meta name=\"twitter:card\" content=\"summary_large_image\" \/>\n<meta name=\"twitter:label1\" content=\"Est. tempo de leitura\" \/>\n\t<meta name=\"twitter:data1\" content=\"1 minuto\" \/>\n<script type=\"application\/ld+json\" class=\"yoast-schema-graph\">{\"@context\":\"https:\/\/schema.org\",\"@graph\":[{\"@type\":\"WebPage\",\"@id\":\"https:\/\/fahub.org.br\/?page_id=547\",\"url\":\"https:\/\/fahub.org.br\/?page_id=547\",\"name\":\"Cliente Login - FAHUB\",\"isPartOf\":{\"@id\":\"https:\/\/fahub.org.br\/#website\"},\"datePublished\":\"2021-10-22T03:23:58+00:00\",\"dateModified\":\"2025-07-09T13:32:07+00:00\",\"breadcrumb\":{\"@id\":\"https:\/\/fahub.org.br\/?page_id=547#breadcrumb\"},\"inLanguage\":\"pt-BR\",\"potentialAction\":[{\"@type\":\"ReadAction\",\"target\":[\"https:\/\/fahub.org.br\/?page_id=547\"]}]},{\"@type\":\"BreadcrumbList\",\"@id\":\"https:\/\/fahub.org.br\/?page_id=547#breadcrumb\",\"itemListElement\":[{\"@type\":\"ListItem\",\"position\":1,\"name\":\"In\u00edcio\",\"item\":\"https:\/\/fahub.org.br\/\"},{\"@type\":\"ListItem\",\"position\":2,\"name\":\"Cliente Login\"}]},{\"@type\":\"WebSite\",\"@id\":\"https:\/\/fahub.org.br\/#website\",\"url\":\"https:\/\/fahub.org.br\/\",\"name\":\"FAHUB\",\"description\":\"FUNDACAO DE APOIO AO DESENVOLVIMENTO CIENTIFICO E TECNOLOGICO DO HOSPITAL DA UNIVERSIDADE DE BRASILIA\",\"publisher\":{\"@id\":\"https:\/\/fahub.org.br\/#organization\"},\"potentialAction\":[{\"@type\":\"SearchAction\",\"target\":{\"@type\":\"EntryPoint\",\"urlTemplate\":\"https:\/\/fahub.org.br\/?s={search_term_string}\"},\"query-input\":\"required name=search_term_string\"}],\"inLanguage\":\"pt-BR\"},{\"@type\":\"Organization\",\"@id\":\"https:\/\/fahub.org.br\/#organization\",\"name\":\"FAHUB\",\"url\":\"https:\/\/fahub.org.br\/\",\"logo\":{\"@type\":\"ImageObject\",\"inLanguage\":\"pt-BR\",\"@id\":\"https:\/\/fahub.org.br\/#\/schema\/logo\/image\/\",\"url\":\"https:\/\/fahub.org.br\/wp-content\/uploads\/2021\/10\/Design-sem-nome-34.png\",\"contentUrl\":\"https:\/\/fahub.org.br\/wp-content\/uploads\/2021\/10\/Design-sem-nome-34.png\",\"width\":1080,\"height\":1080,\"caption\":\"FAHUB\"},\"image\":{\"@id\":\"https:\/\/fahub.org.br\/#\/schema\/logo\/image\/\"}}]}<\/script>\n<!-- \/ Yoast SEO plugin. -->","yoast_head_json":{"title":"Cliente Login - FAHUB","robots":{"index":"index","follow":"follow","max-snippet":"max-snippet:-1","max-image-preview":"max-image-preview:large","max-video-preview":"max-video-preview:-1"},"canonical":"https:\/\/fahub.org.br\/?page_id=547","og_locale":"pt_BR","og_type":"article","og_title":"Cliente Login - FAHUB","og_description":"login Acessar Area do Associado Email : Senha: Como acessar Minha Fatura https:\/\/www.youtube.com\/watch?v=8kiACQRu2Us COMUNICADO IMPORTANTE AUXILIO INDENIZATORIO Fatura N\u00ba: N\u00famero de identifica\u00e7\u00e3o da fatura. Data da Fatura: Quando a fatura foi emitida \u2013 10\/06\/2025. Vencimento: Data de vencimento da fatura \u2013 09\/08\/2025. Pago em: Quando o pagamento \u00e9 compensado no banco e baixado no sistema.","og_url":"https:\/\/fahub.org.br\/?page_id=547","og_site_name":"FAHUB","article_modified_time":"2025-07-09T13:32:07+00:00","og_image":[{"url":"https:\/\/fahub.org.br\/wp-content\/uploads\/2025\/07\/boleto-site-1.jpg"}],"twitter_card":"summary_large_image","twitter_misc":{"Est. tempo de leitura":"1 minuto"},"schema":{"@context":"https:\/\/schema.org","@graph":[{"@type":"WebPage","@id":"https:\/\/fahub.org.br\/?page_id=547","url":"https:\/\/fahub.org.br\/?page_id=547","name":"Cliente Login - FAHUB","isPartOf":{"@id":"https:\/\/fahub.org.br\/#website"},"datePublished":"2021-10-22T03:23:58+00:00","dateModified":"2025-07-09T13:32:07+00:00","breadcrumb":{"@id":"https:\/\/fahub.org.br\/?page_id=547#breadcrumb"},"inLanguage":"pt-BR","potentialAction":[{"@type":"ReadAction","target":["https:\/\/fahub.org.br\/?page_id=547"]}]},{"@type":"BreadcrumbList","@id":"https:\/\/fahub.org.br\/?page_id=547#breadcrumb","itemListElement":[{"@type":"ListItem","position":1,"name":"In\u00edcio","item":"https:\/\/fahub.org.br\/"},{"@type":"ListItem","position":2,"name":"Cliente Login"}]},{"@type":"WebSite","@id":"https:\/\/fahub.org.br\/#website","url":"https:\/\/fahub.org.br\/","name":"FAHUB","description":"FUNDACAO DE APOIO AO DESENVOLVIMENTO CIENTIFICO E TECNOLOGICO DO HOSPITAL DA UNIVERSIDADE DE BRASILIA","publisher":{"@id":"https:\/\/fahub.org.br\/#organization"},"potentialAction":[{"@type":"SearchAction","target":{"@type":"EntryPoint","urlTemplate":"https:\/\/fahub.org.br\/?s={search_term_string}"},"query-input":"required name=search_term_string"}],"inLanguage":"pt-BR"},{"@type":"Organization","@id":"https:\/\/fahub.org.br\/#organization","name":"FAHUB","url":"https:\/\/fahub.org.br\/","logo":{"@type":"ImageObject","inLanguage":"pt-BR","@id":"https:\/\/fahub.org.br\/#\/schema\/logo\/image\/","url":"https:\/\/fahub.org.br\/wp-content\/uploads\/2021\/10\/Design-sem-nome-34.png","contentUrl":"https:\/\/fahub.org.br\/wp-content\/uploads\/2021\/10\/Design-sem-nome-34.png","width":1080,"height":1080,"caption":"FAHUB"},"image":{"@id":"https:\/\/fahub.org.br\/#\/schema\/logo\/image\/"}}]}},"_links":{"self":[{"href":"https:\/\/fahub.org.br\/index.php?rest_route=\/wp\/v2\/pages\/547","targetHints":{"allow":["GET"]}}],"collection":[{"href":"https:\/\/fahub.org.br\/index.php?rest_route=\/wp\/v2\/pages"}],"about":[{"href":"https:\/\/fahub.org.br\/index.php?rest_route=\/wp\/v2\/types\/page"}],"author":[{"embeddable":true,"href":"https:\/\/fahub.org.br\/index.php?rest_route=\/wp\/v2\/users\/1"}],"replies":[{"embeddable":true,"href":"https:\/\/fahub.org.br\/index.php?rest_route=%2Fwp%2Fv2%2Fcomments&post=547"}],"version-history":[{"count":4,"href":"https:\/\/fahub.org.br\/index.php?rest_route=\/wp\/v2\/pages\/547\/revisions"}],"predecessor-version":[{"id":4858,"href":"https:\/\/fahub.org.br\/index.php?rest_route=\/wp\/v2\/pages\/547\/revisions\/4858"}],"wp:attachment":[{"href":"https:\/\/fahub.org.br\/index.php?rest_route=%2Fwp%2Fv2%2Fmedia&parent=547"}],"curies":[{"name":"wp","href":"https:\/\/api.w.org\/{rel}","templated":true}]}}