{"id":3778,"date":"2023-11-06T01:46:13","date_gmt":"2023-11-06T01:46:13","guid":{"rendered":"https:\/\/fahub.org.br\/?page_id=3778"},"modified":"2023-11-06T02:06:13","modified_gmt":"2023-11-06T02:06:13","slug":"formulario-de-inscricao","status":"publish","type":"page","link":"https:\/\/fahub.org.br\/?page_id=3778","title":{"rendered":"Formulario de Inscri\u00e7\u00e3o"},"content":{"rendered":"\t\t<div data-elementor-type=\"wp-page\" data-elementor-id=\"3778\" class=\"elementor elementor-3778\" data-elementor-post-type=\"page\">\n\t\t\t\t\t\t<section class=\"elementor-section elementor-top-section elementor-element elementor-element-437a2191 elementor-section-boxed elementor-section-height-default elementor-section-height-default\" data-id=\"437a2191\" data-element_type=\"section\" data-e-type=\"section\" data-settings=\"{&quot;background_background&quot;:&quot;video&quot;,&quot;background_video_link&quot;:&quot;https:\\\/\\\/www.youtube.com\\\/watch?v=efj_qxnsWjI&quot;,&quot;background_play_on_mobile&quot;:&quot;yes&quot;}\">\n\t\t\t\t\t\t\t\t<div class=\"elementor-background-video-container\">\n\t\t\t\t\t\t\t\t\t\t\t\t\t<div class=\"elementor-background-video-embed\" role=\"presentation\"><\/div>\n\t\t\t\t\t\t\t\t\t\t\t\t<\/div>\n\t\t\t\t\t\t\t\t\t<div class=\"elementor-background-overlay\"><\/div>\n\t\t\t\t\t\t\t<div class=\"elementor-container elementor-column-gap-default\">\n\t\t\t\t\t<div class=\"elementor-column elementor-col-100 elementor-top-column elementor-element elementor-element-e2422d1\" data-id=\"e2422d1\" data-element_type=\"column\" data-e-type=\"column\">\n\t\t\t<div class=\"elementor-widget-wrap elementor-element-populated\">\n\t\t\t\t\t\t<div class=\"elementor-element elementor-element-b7b132e elementor-widget elementor-widget-spacer\" data-id=\"b7b132e\" data-element_type=\"widget\" data-e-type=\"widget\" data-widget_type=\"spacer.default\">\n\t\t\t\t<div class=\"elementor-widget-container\">\n\t\t\t\t\t\t\t<div class=\"elementor-spacer\">\n\t\t\t<div class=\"elementor-spacer-inner\"><\/div>\n\t\t<\/div>\n\t\t\t\t\t\t<\/div>\n\t\t\t\t<\/div>\n\t\t\t\t<div class=\"elementor-element elementor-element-42c423c4 elementor-widget elementor-widget-text-editor\" data-id=\"42c423c4\" data-element_type=\"widget\" data-e-type=\"widget\" data-widget_type=\"text-editor.default\">\n\t\t\t\t<div class=\"elementor-widget-container\">\n\t\t\t\t\t\t\t\t\t<div class=\"wpcf7 no-js\" id=\"wpcf7-f3697-o1\" lang=\"pt-BR\" dir=\"ltr\" data-wpcf7-id=\"3697\">\n<div class=\"screen-reader-response\">\n<p role=\"status\" aria-live=\"polite\" aria-atomic=\"true\">\n<ul><\/ul>\n<\/div>\n<form action=\"\/index.php?rest_route=%2Fwp%2Fv2%2Fpages%2F3778#wpcf7-f3697-o1\" method=\"post\" class=\"wpcf7-form init\" aria-label=\"Formul\u00e1rios de contato\" enctype=\"multipart\/form-data\" novalidate=\"novalidate\" data-status=\"init\">\n<fieldset class=\"hidden-fields-container\"><input type=\"hidden\" name=\"_wpcf7\" value=\"3697\" \/><input type=\"hidden\" name=\"_wpcf7_version\" value=\"6.1.6\" \/><input type=\"hidden\" name=\"_wpcf7_locale\" value=\"pt_BR\" \/><input type=\"hidden\" name=\"_wpcf7_unit_tag\" value=\"wpcf7-f3697-o1\" \/><input type=\"hidden\" name=\"_wpcf7_container_post\" value=\"0\" \/><input type=\"hidden\" name=\"_wpcf7_posted_data_hash\" value=\"\" \/><input type=\"hidden\" name=\"redirect_nonce\" value=\"83976c10c1\" \/><input type=\"hidden\" name=\"wpcf7cfpdf_hidden_name\" value=\"document-pdf\" \/><input type=\"hidden\" name=\"wpcf7cfpdf_hidden_reference\" value=\"8a7c500f\" \/><input type=\"hidden\" name=\"wpcf7cfpdf_hidden_date\" value=\"05172026\" \/><br \/>\n<\/fieldset>\n<p><center><\/p>\n<p><label>Formulario de inscri\u00e7\u00e3o para o curso FAHUB\/INFAHUB.<\/label>\n\t<\/p>\n<p><label>NOME:<br \/>\n<span class=\"wpcf7-form-control-wrap\" data-name=\"your-name\"><input size=\"40\" maxlength=\"400\" class=\"wpcf7-form-control wpcf7-text wpcf7-validates-as-required\" aria-required=\"true\" aria-invalid=\"false\" value=\"\" type=\"text\" name=\"your-name\" \/><\/span><\/label>\n\t<\/p>\n<p><label>CPF:<br \/>\n<span class=\"wpcf7-form-control-wrap\" data-name=\"cpf\"><input size=\"40\" maxlength=\"400\" class=\"wpcf7-form-control wpcf7-text wpcf7-validates-as-required\" aria-required=\"true\" aria-invalid=\"false\" value=\"\" type=\"text\" name=\"cpf\" \/><\/span> <\/label>\n\t<\/p>\n<p><label> Sua mensagem (opcional)<br \/>\n<span class=\"wpcf7-form-control-wrap\" data-name=\"your-message\"><textarea cols=\"40\" rows=\"10\" maxlength=\"2000\" class=\"wpcf7-form-control wpcf7-textarea\" aria-invalid=\"false\" name=\"your-message\"><\/textarea><\/span> <\/label>\n\t<\/p>\n<p><label> Seu e-mail<br \/>\n<span class=\"wpcf7-form-control-wrap\" data-name=\"your-email\"><input size=\"40\" maxlength=\"400\" class=\"wpcf7-form-control wpcf7-email wpcf7-validates-as-required wpcf7-text wpcf7-validates-as-email\" aria-required=\"true\" aria-invalid=\"false\" value=\"\" type=\"email\" name=\"your-email\" \/><\/span> <\/label>\n\t<\/p>\n<p><label> Telefone<br \/>\n<span class=\"wpcf7-form-control-wrap\" data-name=\"your-subject\"><input size=\"40\" maxlength=\"400\" class=\"wpcf7-form-control wpcf7-text wpcf7-validates-as-required\" aria-required=\"true\" aria-invalid=\"false\" value=\"\" type=\"text\" name=\"your-subject\" \/><\/span> <\/label>\n\t<\/p>\n<p>CERTIFICADO 1:<br \/>\n<label> <span class=\"wpcf7-form-control-wrap\" data-name=\"CERTIFICADO1-CURSO\"><input size=\"40\" class=\"wpcf7-form-control wpcf7-file wpcf7-validates-as-required\" accept=\"audio\/*,video\/*,image\/*\" aria-required=\"true\" aria-invalid=\"false\" type=\"file\" name=\"CERTIFICADO1-CURSO\" \/><\/span><\/label>\n\t<\/p>\n<p>CERTIFICADO 2:<br \/>\n<label> <span class=\"wpcf7-form-control-wrap\" data-name=\"CERTIFICADO2-CURSO_2\"><input size=\"40\" class=\"wpcf7-form-control wpcf7-file wpcf7-validates-as-required\" accept=\"audio\/*,video\/*,image\/*\" aria-required=\"true\" aria-invalid=\"false\" type=\"file\" name=\"CERTIFICADO2-CURSO_2\" \/><\/span><\/label>\n\t<\/p>\n<p>DOCUMENTO DE IDENTIFICA\u00c7\u00c3O\n\t<\/p>\n<p><label> <span class=\"wpcf7-form-control-wrap\" data-name=\"DOCUMENTO-DOC\"><input size=\"40\" class=\"wpcf7-form-control wpcf7-file wpcf7-validates-as-required\" accept=\"audio\/*,video\/*,image\/*\" aria-required=\"true\" aria-invalid=\"false\" type=\"file\" name=\"DOCUMENTO-DOC\" \/><\/span><\/label>\n\t<\/p>\n<p>COMPROVANTE DE ENDERE\u00c7O<br \/>\n<label> <span class=\"wpcf7-form-control-wrap\" data-name=\"COMPROVANTE-COMP\"><input size=\"40\" class=\"wpcf7-form-control wpcf7-file wpcf7-validates-as-required\" accept=\"audio\/*,video\/*,image\/*\" aria-required=\"true\" aria-invalid=\"false\" type=\"file\" name=\"COMPROVANTE-COMP\" \/><\/span><\/label>\n\t<\/p>\n<p><label><span class=\"wpcf7-form-control-wrap\" data-name=\"acceptance-339\"><span class=\"wpcf7-form-control wpcf7-acceptance optional\"><span class=\"wpcf7-list-item\"><label><input type=\"checkbox\" name=\"acceptance-339\" value=\"1\" id=\"ACEITE01\" aria-invalid=\"false\" \/><span class=\"wpcf7-list-item-label\">AFIRMO QUE TODAS AS INFORMA\u00c7\u00d5ES AQUI S\u00c3O TODAS VERDADEIRAS<\/span><\/label><\/span><\/span><\/span><\/label>\n\t<\/p>\n<p>Bras\u00edlia-DF <label><span class=\"wpcf7-form-control-wrap\" data-name=\"data_rem\"><input class=\"wpcf7-form-control wpcf7-date wpcf7-validates-as-required wpcf7-validates-as-date data_rem\" id=\"data_rem\" aria-required=\"true\" aria-invalid=\"false\" value=\"-0001-11-30\" type=\"date\" name=\"data_rem\" \/><\/span>.<\/label>\n\t<\/p>\n<p><input class=\"wpcf7-form-control wpcf7-submit has-spinner\" type=\"submit\" value=\"Enviar\" \/>\n\t<\/p>\n<p><\/center><\/p>\n<div class=\"wpcf7-response-output\" aria-hidden=\"true\"><\/div>\n<\/form>\n<\/div>\n\t\t\t\t\t\t\t\t<\/div>\n\t\t\t\t<\/div>\n\t\t\t\t\t<\/div>\n\t\t<\/div>\n\t\t\t\t\t<\/div>\n\t\t<\/section>\n\t\t\t\t<\/div>\n\t\t","protected":false},"excerpt":{"rendered":"","protected":false},"author":1,"featured_media":0,"parent":0,"menu_order":0,"comment_status":"closed","ping_status":"closed","template":"","meta":{"footnotes":""},"class_list":["post-3778","page","type-page","status-publish","hentry"],"yoast_head":"<!-- This site is optimized with the Yoast SEO plugin v21.9.1 - https:\/\/yoast.com\/wordpress\/plugins\/seo\/ -->\n<title>Formulario de Inscri\u00e7\u00e3o - FAHUB<\/title>\n<meta name=\"robots\" content=\"index, follow, max-snippet:-1, max-image-preview:large, max-video-preview:-1\" \/>\n<link rel=\"canonical\" href=\"https:\/\/fahub.org.br\/?page_id=3778\" \/>\n<meta property=\"og:locale\" content=\"pt_BR\" \/>\n<meta property=\"og:type\" content=\"article\" \/>\n<meta property=\"og:title\" content=\"Formulario de Inscri\u00e7\u00e3o - FAHUB\" \/>\n<meta property=\"og:url\" content=\"https:\/\/fahub.org.br\/?page_id=3778\" \/>\n<meta property=\"og:site_name\" content=\"FAHUB\" \/>\n<meta property=\"article:modified_time\" content=\"2023-11-06T02:06:13+00:00\" \/>\n<meta name=\"twitter:card\" content=\"summary_large_image\" \/>\n<script type=\"application\/ld+json\" class=\"yoast-schema-graph\">{\"@context\":\"https:\/\/schema.org\",\"@graph\":[{\"@type\":\"WebPage\",\"@id\":\"https:\/\/fahub.org.br\/?page_id=3778\",\"url\":\"https:\/\/fahub.org.br\/?page_id=3778\",\"name\":\"Formulario de Inscri\u00e7\u00e3o - FAHUB\",\"isPartOf\":{\"@id\":\"https:\/\/fahub.org.br\/#website\"},\"datePublished\":\"2023-11-06T01:46:13+00:00\",\"dateModified\":\"2023-11-06T02:06:13+00:00\",\"breadcrumb\":{\"@id\":\"https:\/\/fahub.org.br\/?page_id=3778#breadcrumb\"},\"inLanguage\":\"pt-BR\",\"potentialAction\":[{\"@type\":\"ReadAction\",\"target\":[\"https:\/\/fahub.org.br\/?page_id=3778\"]}]},{\"@type\":\"BreadcrumbList\",\"@id\":\"https:\/\/fahub.org.br\/?page_id=3778#breadcrumb\",\"itemListElement\":[{\"@type\":\"ListItem\",\"position\":1,\"name\":\"In\u00edcio\",\"item\":\"https:\/\/fahub.org.br\/\"},{\"@type\":\"ListItem\",\"position\":2,\"name\":\"Formulario de Inscri\u00e7\u00e3o\"}]},{\"@type\":\"WebSite\",\"@id\":\"https:\/\/fahub.org.br\/#website\",\"url\":\"https:\/\/fahub.org.br\/\",\"name\":\"FAHUB\",\"description\":\"FUNDACAO DE APOIO AO DESENVOLVIMENTO CIENTIFICO E TECNOLOGICO DO HOSPITAL DA UNIVERSIDADE DE BRASILIA\",\"publisher\":{\"@id\":\"https:\/\/fahub.org.br\/#organization\"},\"potentialAction\":[{\"@type\":\"SearchAction\",\"target\":{\"@type\":\"EntryPoint\",\"urlTemplate\":\"https:\/\/fahub.org.br\/?s={search_term_string}\"},\"query-input\":\"required name=search_term_string\"}],\"inLanguage\":\"pt-BR\"},{\"@type\":\"Organization\",\"@id\":\"https:\/\/fahub.org.br\/#organization\",\"name\":\"FAHUB\",\"url\":\"https:\/\/fahub.org.br\/\",\"logo\":{\"@type\":\"ImageObject\",\"inLanguage\":\"pt-BR\",\"@id\":\"https:\/\/fahub.org.br\/#\/schema\/logo\/image\/\",\"url\":\"https:\/\/fahub.org.br\/wp-content\/uploads\/2021\/10\/Design-sem-nome-34.png\",\"contentUrl\":\"https:\/\/fahub.org.br\/wp-content\/uploads\/2021\/10\/Design-sem-nome-34.png\",\"width\":1080,\"height\":1080,\"caption\":\"FAHUB\"},\"image\":{\"@id\":\"https:\/\/fahub.org.br\/#\/schema\/logo\/image\/\"}}]}<\/script>\n<!-- \/ Yoast SEO plugin. -->","yoast_head_json":{"title":"Formulario de Inscri\u00e7\u00e3o - FAHUB","robots":{"index":"index","follow":"follow","max-snippet":"max-snippet:-1","max-image-preview":"max-image-preview:large","max-video-preview":"max-video-preview:-1"},"canonical":"https:\/\/fahub.org.br\/?page_id=3778","og_locale":"pt_BR","og_type":"article","og_title":"Formulario de Inscri\u00e7\u00e3o - FAHUB","og_url":"https:\/\/fahub.org.br\/?page_id=3778","og_site_name":"FAHUB","article_modified_time":"2023-11-06T02:06:13+00:00","twitter_card":"summary_large_image","schema":{"@context":"https:\/\/schema.org","@graph":[{"@type":"WebPage","@id":"https:\/\/fahub.org.br\/?page_id=3778","url":"https:\/\/fahub.org.br\/?page_id=3778","name":"Formulario de Inscri\u00e7\u00e3o - FAHUB","isPartOf":{"@id":"https:\/\/fahub.org.br\/#website"},"datePublished":"2023-11-06T01:46:13+00:00","dateModified":"2023-11-06T02:06:13+00:00","breadcrumb":{"@id":"https:\/\/fahub.org.br\/?page_id=3778#breadcrumb"},"inLanguage":"pt-BR","potentialAction":[{"@type":"ReadAction","target":["https:\/\/fahub.org.br\/?page_id=3778"]}]},{"@type":"BreadcrumbList","@id":"https:\/\/fahub.org.br\/?page_id=3778#breadcrumb","itemListElement":[{"@type":"ListItem","position":1,"name":"In\u00edcio","item":"https:\/\/fahub.org.br\/"},{"@type":"ListItem","position":2,"name":"Formulario de Inscri\u00e7\u00e3o"}]},{"@type":"WebSite","@id":"https:\/\/fahub.org.br\/#website","url":"https:\/\/fahub.org.br\/","name":"FAHUB","description":"FUNDACAO DE APOIO AO DESENVOLVIMENTO CIENTIFICO E TECNOLOGICO DO HOSPITAL DA UNIVERSIDADE DE BRASILIA","publisher":{"@id":"https:\/\/fahub.org.br\/#organization"},"potentialAction":[{"@type":"SearchAction","target":{"@type":"EntryPoint","urlTemplate":"https:\/\/fahub.org.br\/?s={search_term_string}"},"query-input":"required name=search_term_string"}],"inLanguage":"pt-BR"},{"@type":"Organization","@id":"https:\/\/fahub.org.br\/#organization","name":"FAHUB","url":"https:\/\/fahub.org.br\/","logo":{"@type":"ImageObject","inLanguage":"pt-BR","@id":"https:\/\/fahub.org.br\/#\/schema\/logo\/image\/","url":"https:\/\/fahub.org.br\/wp-content\/uploads\/2021\/10\/Design-sem-nome-34.png","contentUrl":"https:\/\/fahub.org.br\/wp-content\/uploads\/2021\/10\/Design-sem-nome-34.png","width":1080,"height":1080,"caption":"FAHUB"},"image":{"@id":"https:\/\/fahub.org.br\/#\/schema\/logo\/image\/"}}]}},"_links":{"self":[{"href":"https:\/\/fahub.org.br\/index.php?rest_route=\/wp\/v2\/pages\/3778","targetHints":{"allow":["GET"]}}],"collection":[{"href":"https:\/\/fahub.org.br\/index.php?rest_route=\/wp\/v2\/pages"}],"about":[{"href":"https:\/\/fahub.org.br\/index.php?rest_route=\/wp\/v2\/types\/page"}],"author":[{"embeddable":true,"href":"https:\/\/fahub.org.br\/index.php?rest_route=\/wp\/v2\/users\/1"}],"replies":[{"embeddable":true,"href":"https:\/\/fahub.org.br\/index.php?rest_route=%2Fwp%2Fv2%2Fcomments&post=3778"}],"version-history":[{"count":0,"href":"https:\/\/fahub.org.br\/index.php?rest_route=\/wp\/v2\/pages\/3778\/revisions"}],"wp:attachment":[{"href":"https:\/\/fahub.org.br\/index.php?rest_route=%2Fwp%2Fv2%2Fmedia&parent=3778"}],"curies":[{"name":"wp","href":"https:\/\/api.w.org\/{rel}","templated":true}]}}