{"id":188,"date":"2021-10-03T12:50:50","date_gmt":"2021-10-03T12:50:50","guid":{"rendered":"https:\/\/fahub.org.br\/?page_id=188"},"modified":"2023-11-21T12:18:43","modified_gmt":"2023-11-21T12:18:43","slug":"cursos","status":"publish","type":"page","link":"https:\/\/fahub.org.br\/?page_id=188","title":{"rendered":"CURSOS"},"content":{"rendered":"\t\t<div data-elementor-type=\"wp-page\" data-elementor-id=\"188\" class=\"elementor elementor-188\" data-elementor-post-type=\"page\">\n\t\t\t\t\t\t<section class=\"elementor-section elementor-top-section elementor-element elementor-element-72a15a3 elementor-section-boxed elementor-section-height-default elementor-section-height-default\" data-id=\"72a15a3\" data-element_type=\"section\" data-e-type=\"section\">\n\t\t\t\t\t\t<div class=\"elementor-container elementor-column-gap-default\">\n\t\t\t\t\t<div class=\"elementor-column elementor-col-100 elementor-top-column elementor-element elementor-element-36f90ef\" data-id=\"36f90ef\" data-element_type=\"column\" data-e-type=\"column\">\n\t\t\t<div class=\"elementor-widget-wrap elementor-element-populated\">\n\t\t\t\t\t\t<div class=\"elementor-element elementor-element-c950175 elementor-widget elementor-widget-heading\" data-id=\"c950175\" data-element_type=\"widget\" data-e-type=\"widget\" data-widget_type=\"heading.default\">\n\t\t\t\t<div class=\"elementor-widget-container\">\n\t\t\t\t\t<h1 class=\"elementor-heading-title elementor-size-default\">CURSOS DISPON\u00cdVEIS<\/h1>\t\t\t\t<\/div>\n\t\t\t\t<\/div>\n\t\t\t\t\t<\/div>\n\t\t<\/div>\n\t\t\t\t\t<\/div>\n\t\t<\/section>\n\t\t\t\t<section class=\"elementor-section elementor-top-section elementor-element elementor-element-a7ce37d elementor-section-boxed elementor-section-height-default elementor-section-height-default\" data-id=\"a7ce37d\" data-element_type=\"section\" data-e-type=\"section\">\n\t\t\t\t\t\t<div class=\"elementor-container elementor-column-gap-default\">\n\t\t\t\t\t<div class=\"elementor-column elementor-col-100 elementor-top-column elementor-element elementor-element-46251f9\" data-id=\"46251f9\" data-element_type=\"column\" data-e-type=\"column\">\n\t\t\t<div class=\"elementor-widget-wrap elementor-element-populated\">\n\t\t\t\t\t\t<div class=\"elementor-element elementor-element-e0977b7 elementor-widget elementor-widget-spacer\" data-id=\"e0977b7\" data-element_type=\"widget\" data-e-type=\"widget\" data-widget_type=\"spacer.default\">\n\t\t\t\t<div class=\"elementor-widget-container\">\n\t\t\t\t\t\t\t<div class=\"elementor-spacer\">\n\t\t\t<div class=\"elementor-spacer-inner\"><\/div>\n\t\t<\/div>\n\t\t\t\t\t\t<\/div>\n\t\t\t\t<\/div>\n\t\t\t\t\t<\/div>\n\t\t<\/div>\n\t\t\t\t\t<\/div>\n\t\t<\/section>\n\t\t\t\t<section class=\"elementor-section elementor-top-section elementor-element elementor-element-e8ea1aa elementor-section-boxed elementor-section-height-default elementor-section-height-default\" data-id=\"e8ea1aa\" data-element_type=\"section\" data-e-type=\"section\">\n\t\t\t\t\t\t<div class=\"elementor-container elementor-column-gap-default\">\n\t\t\t\t\t<div class=\"elementor-column elementor-col-66 elementor-top-column elementor-element elementor-element-8ec7947\" data-id=\"8ec7947\" data-element_type=\"column\" data-e-type=\"column\">\n\t\t\t<div class=\"elementor-widget-wrap elementor-element-populated\">\n\t\t\t\t\t\t<section class=\"elementor-section elementor-inner-section elementor-element elementor-element-6f18d01 elementor-section-boxed elementor-section-height-default elementor-section-height-default\" data-id=\"6f18d01\" data-element_type=\"section\" data-e-type=\"section\">\n\t\t\t\t\t\t<div class=\"elementor-container elementor-column-gap-default\">\n\t\t\t\t\t<div class=\"elementor-column elementor-col-33 elementor-inner-column elementor-element elementor-element-2bd8159\" data-id=\"2bd8159\" data-element_type=\"column\" data-e-type=\"column\">\n\t\t\t<div class=\"elementor-widget-wrap elementor-element-populated\">\n\t\t\t\t\t\t<div class=\"elementor-element elementor-element-4260758 elementor-widget elementor-widget-image\" data-id=\"4260758\" data-element_type=\"widget\" data-e-type=\"widget\" data-widget_type=\"image.default\">\n\t\t\t\t<div class=\"elementor-widget-container\">\n\t\t\t\t\t\t\t\t\t\t\t\t\t\t\t<img decoding=\"async\" src=\"https:\/\/fahub.org.br\/wp-content\/uploads\/2023\/11\/MODIFICADA-NOME-DO-CURSO.png\" title=\"MODIFICADA NOME DO CURSO\" alt=\"MODIFICADA NOME DO CURSO\" loading=\"lazy\" \/>\t\t\t\t\t\t\t\t\t\t\t\t\t\t\t<\/div>\n\t\t\t\t<\/div>\n\t\t\t\t\t<\/div>\n\t\t<\/div>\n\t\t\t\t<div class=\"elementor-column elementor-col-33 elementor-inner-column elementor-element elementor-element-8468c07\" data-id=\"8468c07\" data-element_type=\"column\" data-e-type=\"column\">\n\t\t\t<div class=\"elementor-widget-wrap\">\n\t\t\t\t\t\t\t<\/div>\n\t\t<\/div>\n\t\t\t\t<div class=\"elementor-column elementor-col-33 elementor-inner-column elementor-element elementor-element-c75f2bc\" data-id=\"c75f2bc\" data-element_type=\"column\" data-e-type=\"column\">\n\t\t\t<div class=\"elementor-widget-wrap elementor-element-populated\">\n\t\t\t\t\t\t<div class=\"elementor-element elementor-element-b411d19 elementor-widget__width-initial elementor-widget elementor-widget-image\" data-id=\"b411d19\" data-element_type=\"widget\" data-e-type=\"widget\" data-widget_type=\"image.default\">\n\t\t\t\t<div class=\"elementor-widget-container\">\n\t\t\t\t\t\t\t\t\t\t\t\t\t\t\t<img fetchpriority=\"high\" decoding=\"async\" width=\"765\" height=\"531\" src=\"https:\/\/fahub.org.br\/wp-content\/uploads\/2023\/10\/06.png\" class=\"attachment-large size-large wp-image-3599\" alt=\"\" srcset=\"https:\/\/fahub.org.br\/wp-content\/uploads\/2023\/10\/06.png 765w, https:\/\/fahub.org.br\/wp-content\/uploads\/2023\/10\/06-300x208.png 300w\" sizes=\"(max-width: 765px) 100vw, 765px\" \/>\t\t\t\t\t\t\t\t\t\t\t\t\t\t\t<\/div>\n\t\t\t\t<\/div>\n\t\t\t\t\t<\/div>\n\t\t<\/div>\n\t\t\t\t\t<\/div>\n\t\t<\/section>\n\t\t\t\t<section class=\"elementor-section elementor-inner-section elementor-element elementor-element-500b39c elementor-section-boxed elementor-section-height-default elementor-section-height-default\" data-id=\"500b39c\" data-element_type=\"section\" data-e-type=\"section\">\n\t\t\t\t\t\t<div class=\"elementor-container elementor-column-gap-default\">\n\t\t\t\t\t<div class=\"elementor-column elementor-col-50 elementor-inner-column elementor-element elementor-element-ad39a7f\" data-id=\"ad39a7f\" data-element_type=\"column\" data-e-type=\"column\">\n\t\t\t<div class=\"elementor-widget-wrap elementor-element-populated\">\n\t\t\t\t\t\t<div class=\"elementor-element elementor-element-398cebe elementor-widget__width-initial elementor-headline--style-highlight elementor-widget elementor-widget-animated-headline\" data-id=\"398cebe\" data-element_type=\"widget\" data-e-type=\"widget\" data-settings=\"{&quot;marker&quot;:&quot;underline_zigzag&quot;,&quot;highlighted_text&quot;:&quot;08\\\/11&quot;,&quot;headline_style&quot;:&quot;highlight&quot;,&quot;loop&quot;:&quot;yes&quot;,&quot;highlight_animation_duration&quot;:1200,&quot;highlight_iteration_delay&quot;:8000}\" data-widget_type=\"animated-headline.default\">\n\t\t\t\t<div class=\"elementor-widget-container\">\n\t\t\t\t\t\t\t<h4 class=\"elementor-headline\">\n\t\t\t\t\t<span class=\"elementor-headline-plain-text elementor-headline-text-wrapper\">Inscri\u00e7\u00e3o a partir de <\/span>\n\t\t\t\t<span class=\"elementor-headline-dynamic-wrapper elementor-headline-text-wrapper\">\n\t\t\t\t\t<span class=\"elementor-headline-dynamic-text elementor-headline-text-active\">08\/11<\/span>\n\t\t\t\t<\/span>\n\t\t\t\t<\/h4>\n\t\t\t\t\t\t<\/div>\n\t\t\t\t<\/div>\n\t\t\t\t\t<\/div>\n\t\t<\/div>\n\t\t\t\t<div class=\"elementor-column elementor-col-50 elementor-inner-column elementor-element elementor-element-d9c8396\" data-id=\"d9c8396\" data-element_type=\"column\" data-e-type=\"column\">\n\t\t\t<div class=\"elementor-widget-wrap elementor-element-populated\">\n\t\t\t\t\t\t<div class=\"elementor-element elementor-element-2e12282 elementor-align-center elementor-widget__width-initial elementor-widget elementor-widget-button\" data-id=\"2e12282\" data-element_type=\"widget\" data-e-type=\"widget\" data-widget_type=\"button.default\">\n\t\t\t\t<div class=\"elementor-widget-container\">\n\t\t\t\t\t\t\t\t\t<div class=\"elementor-button-wrapper\">\n\t\t\t\t\t<a class=\"elementor-button elementor-button-link elementor-size-md\" href=\"https:\/\/fahub.org.br\/?page_id=3590\">\n\t\t\t\t\t\t<span class=\"elementor-button-content-wrapper\">\n\t\t\t\t\t\t\t\t\t<span class=\"elementor-button-text\">SAIBA MAIS<\/span>\n\t\t\t\t\t<\/span>\n\t\t\t\t\t<\/a>\n\t\t\t\t<\/div>\n\t\t\t\t\t\t\t\t<\/div>\n\t\t\t\t<\/div>\n\t\t\t\t\t<\/div>\n\t\t<\/div>\n\t\t\t\t\t<\/div>\n\t\t<\/section>\n\t\t\t\t<section class=\"elementor-section elementor-inner-section elementor-element elementor-element-8282faf elementor-section-boxed elementor-section-height-default elementor-section-height-default\" data-id=\"8282faf\" data-element_type=\"section\" data-e-type=\"section\">\n\t\t\t\t\t\t<div class=\"elementor-container elementor-column-gap-default\">\n\t\t\t\t\t<div class=\"elementor-column elementor-col-33 elementor-inner-column elementor-element elementor-element-51d60fd\" data-id=\"51d60fd\" data-element_type=\"column\" data-e-type=\"column\">\n\t\t\t<div class=\"elementor-widget-wrap\">\n\t\t\t\t\t\t\t<\/div>\n\t\t<\/div>\n\t\t\t\t<div class=\"elementor-column elementor-col-33 elementor-inner-column elementor-element elementor-element-69bc3f7\" data-id=\"69bc3f7\" data-element_type=\"column\" data-e-type=\"column\">\n\t\t\t<div class=\"elementor-widget-wrap\">\n\t\t\t\t\t\t\t<\/div>\n\t\t<\/div>\n\t\t\t\t<div class=\"elementor-column elementor-col-33 elementor-inner-column elementor-element elementor-element-92c637a\" data-id=\"92c637a\" data-element_type=\"column\" data-e-type=\"column\">\n\t\t\t<div class=\"elementor-widget-wrap\">\n\t\t\t\t\t\t\t<\/div>\n\t\t<\/div>\n\t\t\t\t\t<\/div>\n\t\t<\/section>\n\t\t\t\t\t<\/div>\n\t\t<\/div>\n\t\t\t\t<div class=\"elementor-column elementor-col-33 elementor-top-column elementor-element elementor-element-f24eb29\" data-id=\"f24eb29\" data-element_type=\"column\" data-e-type=\"column\">\n\t\t\t<div class=\"elementor-widget-wrap elementor-element-populated\">\n\t\t\t\t\t\t<div class=\"elementor-element elementor-element-362540a elementor-widget__width-initial elementor-align-center elementor-widget elementor-widget-lottie\" data-id=\"362540a\" data-element_type=\"widget\" data-e-type=\"widget\" data-settings=\"{&quot;source&quot;:&quot;external_url&quot;,&quot;source_external_url&quot;:{&quot;url&quot;:&quot;https:\\\/\\\/lottie.host\\\/c683a592-59d4-4017-9972-5ae090405c68\\\/6reaDaY8o8.json&quot;,&quot;is_external&quot;:&quot;&quot;,&quot;nofollow&quot;:&quot;&quot;,&quot;custom_attributes&quot;:&quot;&quot;},&quot;loop&quot;:&quot;yes&quot;,&quot;link_to&quot;:&quot;none&quot;,&quot;trigger&quot;:&quot;arriving_to_viewport&quot;,&quot;viewport&quot;:{&quot;unit&quot;:&quot;%&quot;,&quot;size&quot;:&quot;&quot;,&quot;sizes&quot;:{&quot;start&quot;:0,&quot;end&quot;:100}},&quot;play_speed&quot;:{&quot;unit&quot;:&quot;px&quot;,&quot;size&quot;:1,&quot;sizes&quot;:[]},&quot;start_point&quot;:{&quot;unit&quot;:&quot;%&quot;,&quot;size&quot;:&quot;0&quot;,&quot;sizes&quot;:[]},&quot;end_point&quot;:{&quot;unit&quot;:&quot;%&quot;,&quot;size&quot;:&quot;100&quot;,&quot;sizes&quot;:[]},&quot;renderer&quot;:&quot;svg&quot;}\" data-widget_type=\"lottie.default\">\n\t\t\t\t<div class=\"elementor-widget-container\">\n\t\t\t\t\t<div class=\"e-lottie__container\"><div class=\"e-lottie__animation\"><\/div><\/div>\t\t\t\t<\/div>\n\t\t\t\t<\/div>\n\t\t\t\t\t<\/div>\n\t\t<\/div>\n\t\t\t\t\t<\/div>\n\t\t<\/section>\n\t\t\t\t<\/div>\n\t\t","protected":false},"excerpt":{"rendered":"<p>CURSOS DISPON\u00cdVEIS Inscri\u00e7\u00e3o a partir de 08\/11 SAIBA MAIS<\/p>\n","protected":false},"author":1,"featured_media":0,"parent":0,"menu_order":0,"comment_status":"closed","ping_status":"closed","template":"","meta":{"footnotes":""},"class_list":["post-188","page","type-page","status-publish","hentry"],"yoast_head":"<!-- This site is optimized with the Yoast SEO plugin v21.9.1 - https:\/\/yoast.com\/wordpress\/plugins\/seo\/ -->\n<title>CURSOS - FAHUB<\/title>\n<meta name=\"robots\" content=\"index, follow, max-snippet:-1, max-image-preview:large, max-video-preview:-1\" \/>\n<link rel=\"canonical\" href=\"https:\/\/fahub.org.br\/?page_id=188\" \/>\n<meta property=\"og:locale\" content=\"pt_BR\" \/>\n<meta property=\"og:type\" content=\"article\" \/>\n<meta property=\"og:title\" content=\"CURSOS - FAHUB\" \/>\n<meta property=\"og:description\" content=\"CURSOS DISPON\u00cdVEIS Inscri\u00e7\u00e3o a partir de 08\/11 SAIBA MAIS\" \/>\n<meta property=\"og:url\" content=\"https:\/\/fahub.org.br\/?page_id=188\" \/>\n<meta property=\"og:site_name\" content=\"FAHUB\" \/>\n<meta property=\"article:modified_time\" content=\"2023-11-21T12:18:43+00:00\" \/>\n<meta property=\"og:image\" content=\"https:\/\/fahub.org.br\/wp-content\/uploads\/2023\/11\/MODIFICADA-NOME-DO-CURSO.png\" \/>\n<meta name=\"twitter:card\" content=\"summary_large_image\" \/>\n<script type=\"application\/ld+json\" class=\"yoast-schema-graph\">{\"@context\":\"https:\/\/schema.org\",\"@graph\":[{\"@type\":\"WebPage\",\"@id\":\"https:\/\/fahub.org.br\/?page_id=188\",\"url\":\"https:\/\/fahub.org.br\/?page_id=188\",\"name\":\"CURSOS - FAHUB\",\"isPartOf\":{\"@id\":\"https:\/\/fahub.org.br\/#website\"},\"datePublished\":\"2021-10-03T12:50:50+00:00\",\"dateModified\":\"2023-11-21T12:18:43+00:00\",\"breadcrumb\":{\"@id\":\"https:\/\/fahub.org.br\/?page_id=188#breadcrumb\"},\"inLanguage\":\"pt-BR\",\"potentialAction\":[{\"@type\":\"ReadAction\",\"target\":[\"https:\/\/fahub.org.br\/?page_id=188\"]}]},{\"@type\":\"BreadcrumbList\",\"@id\":\"https:\/\/fahub.org.br\/?page_id=188#breadcrumb\",\"itemListElement\":[{\"@type\":\"ListItem\",\"position\":1,\"name\":\"In\u00edcio\",\"item\":\"https:\/\/fahub.org.br\/\"},{\"@type\":\"ListItem\",\"position\":2,\"name\":\"CURSOS\"}]},{\"@type\":\"WebSite\",\"@id\":\"https:\/\/fahub.org.br\/#website\",\"url\":\"https:\/\/fahub.org.br\/\",\"name\":\"FAHUB\",\"description\":\"FUNDACAO DE APOIO AO DESENVOLVIMENTO CIENTIFICO E TECNOLOGICO DO HOSPITAL DA UNIVERSIDADE DE BRASILIA\",\"publisher\":{\"@id\":\"https:\/\/fahub.org.br\/#organization\"},\"potentialAction\":[{\"@type\":\"SearchAction\",\"target\":{\"@type\":\"EntryPoint\",\"urlTemplate\":\"https:\/\/fahub.org.br\/?s={search_term_string}\"},\"query-input\":\"required name=search_term_string\"}],\"inLanguage\":\"pt-BR\"},{\"@type\":\"Organization\",\"@id\":\"https:\/\/fahub.org.br\/#organization\",\"name\":\"FAHUB\",\"url\":\"https:\/\/fahub.org.br\/\",\"logo\":{\"@type\":\"ImageObject\",\"inLanguage\":\"pt-BR\",\"@id\":\"https:\/\/fahub.org.br\/#\/schema\/logo\/image\/\",\"url\":\"https:\/\/fahub.org.br\/wp-content\/uploads\/2021\/10\/Design-sem-nome-34.png\",\"contentUrl\":\"https:\/\/fahub.org.br\/wp-content\/uploads\/2021\/10\/Design-sem-nome-34.png\",\"width\":1080,\"height\":1080,\"caption\":\"FAHUB\"},\"image\":{\"@id\":\"https:\/\/fahub.org.br\/#\/schema\/logo\/image\/\"}}]}<\/script>\n<!-- \/ Yoast SEO plugin. -->","yoast_head_json":{"title":"CURSOS - FAHUB","robots":{"index":"index","follow":"follow","max-snippet":"max-snippet:-1","max-image-preview":"max-image-preview:large","max-video-preview":"max-video-preview:-1"},"canonical":"https:\/\/fahub.org.br\/?page_id=188","og_locale":"pt_BR","og_type":"article","og_title":"CURSOS - FAHUB","og_description":"CURSOS DISPON\u00cdVEIS Inscri\u00e7\u00e3o a partir de 08\/11 SAIBA MAIS","og_url":"https:\/\/fahub.org.br\/?page_id=188","og_site_name":"FAHUB","article_modified_time":"2023-11-21T12:18:43+00:00","og_image":[{"url":"https:\/\/fahub.org.br\/wp-content\/uploads\/2023\/11\/MODIFICADA-NOME-DO-CURSO.png"}],"twitter_card":"summary_large_image","schema":{"@context":"https:\/\/schema.org","@graph":[{"@type":"WebPage","@id":"https:\/\/fahub.org.br\/?page_id=188","url":"https:\/\/fahub.org.br\/?page_id=188","name":"CURSOS - FAHUB","isPartOf":{"@id":"https:\/\/fahub.org.br\/#website"},"datePublished":"2021-10-03T12:50:50+00:00","dateModified":"2023-11-21T12:18:43+00:00","breadcrumb":{"@id":"https:\/\/fahub.org.br\/?page_id=188#breadcrumb"},"inLanguage":"pt-BR","potentialAction":[{"@type":"ReadAction","target":["https:\/\/fahub.org.br\/?page_id=188"]}]},{"@type":"BreadcrumbList","@id":"https:\/\/fahub.org.br\/?page_id=188#breadcrumb","itemListElement":[{"@type":"ListItem","position":1,"name":"In\u00edcio","item":"https:\/\/fahub.org.br\/"},{"@type":"ListItem","position":2,"name":"CURSOS"}]},{"@type":"WebSite","@id":"https:\/\/fahub.org.br\/#website","url":"https:\/\/fahub.org.br\/","name":"FAHUB","description":"FUNDACAO DE APOIO AO DESENVOLVIMENTO CIENTIFICO E TECNOLOGICO DO HOSPITAL DA UNIVERSIDADE DE BRASILIA","publisher":{"@id":"https:\/\/fahub.org.br\/#organization"},"potentialAction":[{"@type":"SearchAction","target":{"@type":"EntryPoint","urlTemplate":"https:\/\/fahub.org.br\/?s={search_term_string}"},"query-input":"required name=search_term_string"}],"inLanguage":"pt-BR"},{"@type":"Organization","@id":"https:\/\/fahub.org.br\/#organization","name":"FAHUB","url":"https:\/\/fahub.org.br\/","logo":{"@type":"ImageObject","inLanguage":"pt-BR","@id":"https:\/\/fahub.org.br\/#\/schema\/logo\/image\/","url":"https:\/\/fahub.org.br\/wp-content\/uploads\/2021\/10\/Design-sem-nome-34.png","contentUrl":"https:\/\/fahub.org.br\/wp-content\/uploads\/2021\/10\/Design-sem-nome-34.png","width":1080,"height":1080,"caption":"FAHUB"},"image":{"@id":"https:\/\/fahub.org.br\/#\/schema\/logo\/image\/"}}]}},"_links":{"self":[{"href":"https:\/\/fahub.org.br\/index.php?rest_route=\/wp\/v2\/pages\/188","targetHints":{"allow":["GET"]}}],"collection":[{"href":"https:\/\/fahub.org.br\/index.php?rest_route=\/wp\/v2\/pages"}],"about":[{"href":"https:\/\/fahub.org.br\/index.php?rest_route=\/wp\/v2\/types\/page"}],"author":[{"embeddable":true,"href":"https:\/\/fahub.org.br\/index.php?rest_route=\/wp\/v2\/users\/1"}],"replies":[{"embeddable":true,"href":"https:\/\/fahub.org.br\/index.php?rest_route=%2Fwp%2Fv2%2Fcomments&post=188"}],"version-history":[{"count":0,"href":"https:\/\/fahub.org.br\/index.php?rest_route=\/wp\/v2\/pages\/188\/revisions"}],"wp:attachment":[{"href":"https:\/\/fahub.org.br\/index.php?rest_route=%2Fwp%2Fv2%2Fmedia&parent=188"}],"curies":[{"name":"wp","href":"https:\/\/api.w.org\/{rel}","templated":true}]}}