{"id":180,"date":"2021-10-03T12:49:08","date_gmt":"2021-10-03T12:49:08","guid":{"rendered":"https:\/\/fahub.org.br\/?page_id=180"},"modified":"2021-10-03T14:47:31","modified_gmt":"2021-10-03T14:47:31","slug":"institucional","status":"publish","type":"page","link":"https:\/\/fahub.org.br\/?page_id=180","title":{"rendered":"INSTITUCIONAL"},"content":{"rendered":"\t\t<div data-elementor-type=\"wp-page\" data-elementor-id=\"180\" class=\"elementor elementor-180\" data-elementor-post-type=\"page\">\n\t\t\t\t\t\t<section class=\"elementor-section elementor-top-section elementor-element elementor-element-6796ac3d elementor-section-content-middle elementor-section-boxed elementor-section-height-default elementor-section-height-default\" data-id=\"6796ac3d\" data-element_type=\"section\" data-e-type=\"section\" data-settings=\"{&quot;background_background&quot;:&quot;gradient&quot;}\">\n\t\t\t\t\t\t<div class=\"elementor-container elementor-column-gap-no\">\n\t\t\t\t\t<div class=\"elementor-column elementor-col-50 elementor-top-column elementor-element elementor-element-15eccd9b\" data-id=\"15eccd9b\" data-element_type=\"column\" data-e-type=\"column\">\n\t\t\t<div class=\"elementor-widget-wrap elementor-element-populated\">\n\t\t\t\t\t\t<div class=\"elementor-element elementor-element-f79fa3e elementor-align-center elementor-widget elementor-widget-lottie\" data-id=\"f79fa3e\" data-element_type=\"widget\" data-e-type=\"widget\" data-settings=\"{&quot;source_json&quot;:{&quot;url&quot;:&quot;https:\\\/\\\/fahub.org.br\\\/wp-content\\\/uploads\\\/2021\\\/10\\\/38287-scanning-searching-for-data.json&quot;,&quot;id&quot;:229,&quot;size&quot;:&quot;&quot;,&quot;alt&quot;:&quot;&quot;,&quot;source&quot;:&quot;library&quot;},&quot;loop&quot;:&quot;yes&quot;,&quot;source&quot;:&quot;media_file&quot;,&quot;caption_source&quot;:&quot;none&quot;,&quot;link_to&quot;:&quot;none&quot;,&quot;trigger&quot;:&quot;arriving_to_viewport&quot;,&quot;viewport&quot;:{&quot;unit&quot;:&quot;%&quot;,&quot;size&quot;:&quot;&quot;,&quot;sizes&quot;:{&quot;start&quot;:0,&quot;end&quot;:100}},&quot;play_speed&quot;:{&quot;unit&quot;:&quot;px&quot;,&quot;size&quot;:1,&quot;sizes&quot;:[]},&quot;start_point&quot;:{&quot;unit&quot;:&quot;%&quot;,&quot;size&quot;:&quot;0&quot;,&quot;sizes&quot;:[]},&quot;end_point&quot;:{&quot;unit&quot;:&quot;%&quot;,&quot;size&quot;:&quot;100&quot;,&quot;sizes&quot;:[]},&quot;renderer&quot;:&quot;svg&quot;}\" data-widget_type=\"lottie.default\">\n\t\t\t\t<div class=\"elementor-widget-container\">\n\t\t\t\t\t<div class=\"e-lottie__container\"><div class=\"e-lottie__animation\"><\/div><\/div>\t\t\t\t<\/div>\n\t\t\t\t<\/div>\n\t\t\t\t\t<\/div>\n\t\t<\/div>\n\t\t\t\t<div class=\"elementor-column elementor-col-50 elementor-top-column elementor-element elementor-element-2e70a77f\" data-id=\"2e70a77f\" data-element_type=\"column\" data-e-type=\"column\">\n\t\t\t<div class=\"elementor-widget-wrap elementor-element-populated\">\n\t\t\t\t\t\t<div class=\"elementor-element elementor-element-27054617 elementor-widget elementor-widget-heading\" data-id=\"27054617\" data-element_type=\"widget\" data-e-type=\"widget\" data-widget_type=\"heading.default\">\n\t\t\t\t<div class=\"elementor-widget-container\">\n\t\t\t\t\t<h4 class=\"elementor-heading-title elementor-size-default\">A FUNDA\u00c7\u00c3O<\/h4>\t\t\t\t<\/div>\n\t\t\t\t<\/div>\n\t\t\t\t<div class=\"elementor-element elementor-element-7d91c617 elementor-drop-cap-yes elementor-drop-cap-view-default elementor-widget elementor-widget-text-editor\" data-id=\"7d91c617\" data-element_type=\"widget\" data-e-type=\"widget\" data-settings=\"{&quot;drop_cap&quot;:&quot;yes&quot;}\" data-widget_type=\"text-editor.default\">\n\t\t\t\t<div class=\"elementor-widget-container\">\n\t\t\t\t\t\t\t\t\t<p>A FAHUB foi criada em 2001, para atender aos anseios dos m\u00e9dicos e professores que atuam no Hospital Universit\u00e1rio de Bras\u00edlia. Tem o objetivo de angariar recursos, administrar projetos de pesquisa e tamb\u00e9m, auxiliar os programas de sa\u00fade desenvolvidos no hospital. Desta forma trabalha, mesmo que indiretamente, no sentido de trazer benef\u00edcios tanto aos programas, quanto aos projetos. Para que fosse poss\u00edvel a sua cria\u00e7\u00e3o, foi preciso que o Minist\u00e9rio P\u00fablico recebesse um encaminhamento com aproximadamente 88 (oitenta e oito) assinaturas de m\u00e9dicos e funcion\u00e1rios do Hospital, solicitando a autoriza\u00e7\u00e3o para que a FAHUB pudesse funcionar. A miss\u00e3o da Funda\u00e7\u00e3o \u00e9 principalmente de prestar assist\u00eancia e apoiar as atividades de ensino, de pesquisa, de extens\u00e3o voltada \u00e0 sa\u00fade e que sejam desenvolvidos no Hospital, al\u00e9m de promover o seu desenvolvimento cient\u00edfico e tecnol\u00f3gico. Entre as suas atividades, destacam-se as de conv\u00eanios e contratos com empresas e institui\u00e7\u00f5es de assist\u00eancia \u00e0 sa\u00fade, de seguro sa\u00fade e de assist\u00eancia social.<\/p>\t\t\t\t\t\t\t\t<\/div>\n\t\t\t\t<\/div>\n\t\t\t\t\t<\/div>\n\t\t<\/div>\n\t\t\t\t\t<\/div>\n\t\t<\/section>\n\t\t\t\t<section class=\"elementor-section elementor-top-section elementor-element elementor-element-6bfba20f elementor-section-content-middle elementor-section-boxed elementor-section-height-default elementor-section-height-default elementor-invisible\" data-id=\"6bfba20f\" data-element_type=\"section\" data-e-type=\"section\" data-settings=\"{&quot;animation&quot;:&quot;fadeInUp&quot;}\">\n\t\t\t\t\t\t<div class=\"elementor-container elementor-column-gap-no\">\n\t\t\t\t\t<div class=\"elementor-column elementor-col-33 elementor-top-column elementor-element elementor-element-5620604\" data-id=\"5620604\" data-element_type=\"column\" data-e-type=\"column\">\n\t\t\t<div class=\"elementor-widget-wrap elementor-element-populated\">\n\t\t\t\t\t\t<div class=\"elementor-element elementor-element-597076ea elementor-view-default elementor-position-block-start elementor-mobile-position-block-start elementor-widget elementor-widget-icon-box\" data-id=\"597076ea\" data-element_type=\"widget\" data-e-type=\"widget\" data-widget_type=\"icon-box.default\">\n\t\t\t\t<div class=\"elementor-widget-container\">\n\t\t\t\t\t\t\t<div class=\"elementor-icon-box-wrapper\">\n\n\t\t\t\t\t\t<div class=\"elementor-icon-box-icon\">\n\t\t\t\t<span  class=\"elementor-icon\">\n\t\t\t\t<i aria-hidden=\"true\" class=\"fas fa-wave-square\"><\/i>\t\t\t\t<\/span>\n\t\t\t<\/div>\n\t\t\t\n\t\t\t\t\t\t<div class=\"elementor-icon-box-content\">\n\n\t\t\t\t\t\t\t\t\t<h3 class=\"elementor-icon-box-title\">\n\t\t\t\t\t\t<span  >\n\t\t\t\t\t\t\tORGANOGRAMA\t\t\t\t\t\t<\/span>\n\t\t\t\t\t<\/h3>\n\t\t\t\t\n\t\t\t\t\n\t\t\t<\/div>\n\t\t\t\n\t\t<\/div>\n\t\t\t\t\t\t<\/div>\n\t\t\t\t<\/div>\n\t\t\t\t<div class=\"elementor-element elementor-element-191032a elementor-widget elementor-widget-image\" data-id=\"191032a\" data-element_type=\"widget\" data-e-type=\"widget\" data-widget_type=\"image.default\">\n\t\t\t\t<div class=\"elementor-widget-container\">\n\t\t\t\t\t\t\t\t\t\t\t\t\t\t\t<img fetchpriority=\"high\" decoding=\"async\" width=\"651\" height=\"671\" src=\"https:\/\/fahub.org.br\/wp-content\/uploads\/2021\/10\/OrganogramaFAHUB.001.png\" class=\"attachment-large size-large wp-image-243\" alt=\"\" srcset=\"https:\/\/fahub.org.br\/wp-content\/uploads\/2021\/10\/OrganogramaFAHUB.001.png 651w, https:\/\/fahub.org.br\/wp-content\/uploads\/2021\/10\/OrganogramaFAHUB.001-291x300.png 291w\" sizes=\"(max-width: 651px) 100vw, 651px\" \/>\t\t\t\t\t\t\t\t\t\t\t\t\t\t\t<\/div>\n\t\t\t\t<\/div>\n\t\t\t\t\t<\/div>\n\t\t<\/div>\n\t\t\t\t<div class=\"elementor-column elementor-col-33 elementor-top-column elementor-element elementor-element-f54df4a\" data-id=\"f54df4a\" data-element_type=\"column\" data-e-type=\"column\">\n\t\t\t<div class=\"elementor-widget-wrap elementor-element-populated\">\n\t\t\t\t\t\t<div class=\"elementor-element elementor-element-17c765d elementor-align-center elementor-widget elementor-widget-lottie\" data-id=\"17c765d\" data-element_type=\"widget\" data-e-type=\"widget\" data-settings=\"{&quot;source_json&quot;:{&quot;url&quot;:&quot;https:\\\/\\\/fahub.org.br\\\/wp-content\\\/uploads\\\/2021\\\/10\\\/42404-add-document.json&quot;,&quot;id&quot;:246,&quot;size&quot;:&quot;&quot;,&quot;alt&quot;:&quot;&quot;,&quot;source&quot;:&quot;library&quot;},&quot;loop&quot;:&quot;yes&quot;,&quot;source&quot;:&quot;media_file&quot;,&quot;caption_source&quot;:&quot;none&quot;,&quot;link_to&quot;:&quot;none&quot;,&quot;trigger&quot;:&quot;arriving_to_viewport&quot;,&quot;viewport&quot;:{&quot;unit&quot;:&quot;%&quot;,&quot;size&quot;:&quot;&quot;,&quot;sizes&quot;:{&quot;start&quot;:0,&quot;end&quot;:100}},&quot;play_speed&quot;:{&quot;unit&quot;:&quot;px&quot;,&quot;size&quot;:1,&quot;sizes&quot;:[]},&quot;start_point&quot;:{&quot;unit&quot;:&quot;%&quot;,&quot;size&quot;:&quot;0&quot;,&quot;sizes&quot;:[]},&quot;end_point&quot;:{&quot;unit&quot;:&quot;%&quot;,&quot;size&quot;:&quot;100&quot;,&quot;sizes&quot;:[]},&quot;renderer&quot;:&quot;svg&quot;}\" data-widget_type=\"lottie.default\">\n\t\t\t\t<div class=\"elementor-widget-container\">\n\t\t\t\t\t<div class=\"e-lottie__container\"><div class=\"e-lottie__animation\"><\/div><\/div>\t\t\t\t<\/div>\n\t\t\t\t<\/div>\n\t\t\t\t\t<\/div>\n\t\t<\/div>\n\t\t\t\t<div class=\"elementor-column elementor-col-33 elementor-top-column elementor-element elementor-element-14b24c4c\" data-id=\"14b24c4c\" data-element_type=\"column\" data-e-type=\"column\">\n\t\t\t<div class=\"elementor-widget-wrap\">\n\t\t\t\t\t\t\t<\/div>\n\t\t<\/div>\n\t\t\t\t\t<\/div>\n\t\t<\/section>\n\t\t\t\t<section class=\"elementor-section elementor-top-section elementor-element elementor-element-7bca9da elementor-section-boxed elementor-section-height-default elementor-section-height-default elementor-invisible\" data-id=\"7bca9da\" data-element_type=\"section\" data-e-type=\"section\" data-settings=\"{&quot;motion_fx_motion_fx_scrolling&quot;:&quot;yes&quot;,&quot;motion_fx_blur_effect&quot;:&quot;yes&quot;,&quot;animation&quot;:&quot;zoomIn&quot;,&quot;motion_fx_blur_direction&quot;:&quot;out-in&quot;,&quot;motion_fx_blur_level&quot;:{&quot;unit&quot;:&quot;px&quot;,&quot;size&quot;:7,&quot;sizes&quot;:[]},&quot;motion_fx_blur_range&quot;:{&quot;unit&quot;:&quot;%&quot;,&quot;size&quot;:&quot;&quot;,&quot;sizes&quot;:{&quot;start&quot;:20,&quot;end&quot;:80}},&quot;motion_fx_devices&quot;:[&quot;desktop&quot;,&quot;tablet&quot;,&quot;mobile&quot;]}\">\n\t\t\t\t\t\t<div class=\"elementor-container elementor-column-gap-default\">\n\t\t\t\t\t<div class=\"elementor-column elementor-col-100 elementor-top-column elementor-element elementor-element-1c4303b\" data-id=\"1c4303b\" data-element_type=\"column\" data-e-type=\"column\">\n\t\t\t<div class=\"elementor-widget-wrap elementor-element-populated\">\n\t\t\t\t\t\t<div class=\"elementor-element elementor-element-1308c6e elementor-cta--layout-image-right elementor-bg-transform elementor-bg-transform-zoom-out elementor-cta--skin-classic elementor-animated-content elementor-widget elementor-widget-call-to-action\" data-id=\"1308c6e\" data-element_type=\"widget\" data-e-type=\"widget\" data-widget_type=\"call-to-action.default\">\n\t\t\t\t<div class=\"elementor-widget-container\">\n\t\t\t\t\t\t\t<div class=\"elementor-cta\">\n\t\t\t\t\t<div class=\"elementor-cta__bg-wrapper\">\n\t\t\t\t<div class=\"elementor-cta__bg elementor-bg\" style=\"background-image: url(https:\/\/fahub.org.br\/wp-content\/uploads\/2021\/10\/estatuto-social.jpg);\" role=\"img\" aria-label=\"estatuto-social\"><\/div>\n\t\t\t\t<div class=\"elementor-cta__bg-overlay\"><\/div>\n\t\t\t<\/div>\n\t\t\t\t\t\t\t<div class=\"elementor-cta__content\">\n\t\t\t\t\n\t\t\t\t\t\t\t\t\t<h2 class=\"elementor-cta__title elementor-cta__content-item elementor-content-item\">\n\t\t\t\t\t\tESTATUTO\t\t\t\t\t<\/h2>\n\t\t\t\t\n\t\t\t\t\t\t\t\t\t<div class=\"elementor-cta__description elementor-cta__content-item elementor-content-item\">\n\t\t\t\t\t\t<h2><span style=\"font-size: 16px;\">A Funda\u00e7\u00e3o de Apoio do Hospital Universit\u00e1rio de Bras\u00edlia, \u00e9 uma entidade sem fins lucrativos, com sede e foro na cidade de Bras\u00edlia - DF<\/span><\/h2>\t\t\t\t\t<\/div>\n\t\t\t\t\n\t\t\t\t\t\t\t\t\t<div class=\"elementor-cta__button-wrapper elementor-cta__content-item elementor-content-item \">\n\t\t\t\t\t<a class=\"elementor-cta__button elementor-button elementor-size-sm\" href=\"https:\/\/fahub.org.br\/documentos\/estatuto\/estatuto.pdf\">\n\t\t\t\t\t\tDOWNLOAD\t\t\t\t\t<\/a>\n\t\t\t\t\t<\/div>\n\t\t\t\t\t\t\t<\/div>\n\t\t\t\t\t\t<\/div>\n\t\t\t\t\t\t<\/div>\n\t\t\t\t<\/div>\n\t\t\t\t\t<\/div>\n\t\t<\/div>\n\t\t\t\t\t<\/div>\n\t\t<\/section>\n\t\t\t\t<\/div>\n\t\t","protected":false},"excerpt":{"rendered":"<p>A FUNDA\u00c7\u00c3O A FAHUB foi criada em 2001, para atender aos anseios dos m\u00e9dicos e professores que atuam no Hospital Universit\u00e1rio de Bras\u00edlia. Tem o objetivo de angariar recursos, administrar projetos de pesquisa e tamb\u00e9m, auxiliar os programas de sa\u00fade desenvolvidos no hospital. Desta forma trabalha, mesmo que indiretamente, no sentido de trazer benef\u00edcios tanto [&hellip;]<\/p>\n","protected":false},"author":1,"featured_media":0,"parent":0,"menu_order":0,"comment_status":"closed","ping_status":"closed","template":"","meta":{"footnotes":""},"class_list":["post-180","page","type-page","status-publish","hentry"],"yoast_head":"<!-- This site is optimized with the Yoast SEO plugin v21.9.1 - https:\/\/yoast.com\/wordpress\/plugins\/seo\/ -->\n<title>INSTITUCIONAL - FAHUB<\/title>\n<meta name=\"robots\" content=\"index, follow, max-snippet:-1, max-image-preview:large, max-video-preview:-1\" \/>\n<link rel=\"canonical\" href=\"https:\/\/fahub.org.br\/?page_id=180\" \/>\n<meta property=\"og:locale\" content=\"pt_BR\" \/>\n<meta property=\"og:type\" content=\"article\" \/>\n<meta property=\"og:title\" content=\"INSTITUCIONAL - FAHUB\" \/>\n<meta property=\"og:description\" content=\"A FUNDA\u00c7\u00c3O A FAHUB foi criada em 2001, para atender aos anseios dos m\u00e9dicos e professores que atuam no Hospital Universit\u00e1rio de Bras\u00edlia. Tem o objetivo de angariar recursos, administrar projetos de pesquisa e tamb\u00e9m, auxiliar os programas de sa\u00fade desenvolvidos no hospital. Desta forma trabalha, mesmo que indiretamente, no sentido de trazer benef\u00edcios tanto [&hellip;]\" \/>\n<meta property=\"og:url\" content=\"https:\/\/fahub.org.br\/?page_id=180\" \/>\n<meta property=\"og:site_name\" content=\"FAHUB\" \/>\n<meta property=\"article:modified_time\" content=\"2021-10-03T14:47:31+00:00\" \/>\n<meta property=\"og:image\" content=\"https:\/\/fahub.org.br\/wp-content\/uploads\/2021\/10\/OrganogramaFAHUB.001.png\" \/>\n<meta name=\"twitter:card\" content=\"summary_large_image\" \/>\n<meta name=\"twitter:label1\" content=\"Est. tempo de leitura\" \/>\n\t<meta name=\"twitter:data1\" content=\"1 minuto\" \/>\n<script type=\"application\/ld+json\" class=\"yoast-schema-graph\">{\"@context\":\"https:\/\/schema.org\",\"@graph\":[{\"@type\":\"WebPage\",\"@id\":\"https:\/\/fahub.org.br\/?page_id=180\",\"url\":\"https:\/\/fahub.org.br\/?page_id=180\",\"name\":\"INSTITUCIONAL - FAHUB\",\"isPartOf\":{\"@id\":\"https:\/\/fahub.org.br\/#website\"},\"datePublished\":\"2021-10-03T12:49:08+00:00\",\"dateModified\":\"2021-10-03T14:47:31+00:00\",\"breadcrumb\":{\"@id\":\"https:\/\/fahub.org.br\/?page_id=180#breadcrumb\"},\"inLanguage\":\"pt-BR\",\"potentialAction\":[{\"@type\":\"ReadAction\",\"target\":[\"https:\/\/fahub.org.br\/?page_id=180\"]}]},{\"@type\":\"BreadcrumbList\",\"@id\":\"https:\/\/fahub.org.br\/?page_id=180#breadcrumb\",\"itemListElement\":[{\"@type\":\"ListItem\",\"position\":1,\"name\":\"In\u00edcio\",\"item\":\"https:\/\/fahub.org.br\/\"},{\"@type\":\"ListItem\",\"position\":2,\"name\":\"INSTITUCIONAL\"}]},{\"@type\":\"WebSite\",\"@id\":\"https:\/\/fahub.org.br\/#website\",\"url\":\"https:\/\/fahub.org.br\/\",\"name\":\"FAHUB\",\"description\":\"FUNDACAO DE APOIO AO DESENVOLVIMENTO CIENTIFICO E TECNOLOGICO DO HOSPITAL DA UNIVERSIDADE DE BRASILIA\",\"publisher\":{\"@id\":\"https:\/\/fahub.org.br\/#organization\"},\"potentialAction\":[{\"@type\":\"SearchAction\",\"target\":{\"@type\":\"EntryPoint\",\"urlTemplate\":\"https:\/\/fahub.org.br\/?s={search_term_string}\"},\"query-input\":\"required name=search_term_string\"}],\"inLanguage\":\"pt-BR\"},{\"@type\":\"Organization\",\"@id\":\"https:\/\/fahub.org.br\/#organization\",\"name\":\"FAHUB\",\"url\":\"https:\/\/fahub.org.br\/\",\"logo\":{\"@type\":\"ImageObject\",\"inLanguage\":\"pt-BR\",\"@id\":\"https:\/\/fahub.org.br\/#\/schema\/logo\/image\/\",\"url\":\"https:\/\/fahub.org.br\/wp-content\/uploads\/2021\/10\/Design-sem-nome-34.png\",\"contentUrl\":\"https:\/\/fahub.org.br\/wp-content\/uploads\/2021\/10\/Design-sem-nome-34.png\",\"width\":1080,\"height\":1080,\"caption\":\"FAHUB\"},\"image\":{\"@id\":\"https:\/\/fahub.org.br\/#\/schema\/logo\/image\/\"}}]}<\/script>\n<!-- \/ Yoast SEO plugin. -->","yoast_head_json":{"title":"INSTITUCIONAL - FAHUB","robots":{"index":"index","follow":"follow","max-snippet":"max-snippet:-1","max-image-preview":"max-image-preview:large","max-video-preview":"max-video-preview:-1"},"canonical":"https:\/\/fahub.org.br\/?page_id=180","og_locale":"pt_BR","og_type":"article","og_title":"INSTITUCIONAL - FAHUB","og_description":"A FUNDA\u00c7\u00c3O A FAHUB foi criada em 2001, para atender aos anseios dos m\u00e9dicos e professores que atuam no Hospital Universit\u00e1rio de Bras\u00edlia. Tem o objetivo de angariar recursos, administrar projetos de pesquisa e tamb\u00e9m, auxiliar os programas de sa\u00fade desenvolvidos no hospital. Desta forma trabalha, mesmo que indiretamente, no sentido de trazer benef\u00edcios tanto [&hellip;]","og_url":"https:\/\/fahub.org.br\/?page_id=180","og_site_name":"FAHUB","article_modified_time":"2021-10-03T14:47:31+00:00","og_image":[{"url":"https:\/\/fahub.org.br\/wp-content\/uploads\/2021\/10\/OrganogramaFAHUB.001.png"}],"twitter_card":"summary_large_image","twitter_misc":{"Est. tempo de leitura":"1 minuto"},"schema":{"@context":"https:\/\/schema.org","@graph":[{"@type":"WebPage","@id":"https:\/\/fahub.org.br\/?page_id=180","url":"https:\/\/fahub.org.br\/?page_id=180","name":"INSTITUCIONAL - FAHUB","isPartOf":{"@id":"https:\/\/fahub.org.br\/#website"},"datePublished":"2021-10-03T12:49:08+00:00","dateModified":"2021-10-03T14:47:31+00:00","breadcrumb":{"@id":"https:\/\/fahub.org.br\/?page_id=180#breadcrumb"},"inLanguage":"pt-BR","potentialAction":[{"@type":"ReadAction","target":["https:\/\/fahub.org.br\/?page_id=180"]}]},{"@type":"BreadcrumbList","@id":"https:\/\/fahub.org.br\/?page_id=180#breadcrumb","itemListElement":[{"@type":"ListItem","position":1,"name":"In\u00edcio","item":"https:\/\/fahub.org.br\/"},{"@type":"ListItem","position":2,"name":"INSTITUCIONAL"}]},{"@type":"WebSite","@id":"https:\/\/fahub.org.br\/#website","url":"https:\/\/fahub.org.br\/","name":"FAHUB","description":"FUNDACAO DE APOIO AO DESENVOLVIMENTO CIENTIFICO E TECNOLOGICO DO HOSPITAL DA UNIVERSIDADE DE BRASILIA","publisher":{"@id":"https:\/\/fahub.org.br\/#organization"},"potentialAction":[{"@type":"SearchAction","target":{"@type":"EntryPoint","urlTemplate":"https:\/\/fahub.org.br\/?s={search_term_string}"},"query-input":"required name=search_term_string"}],"inLanguage":"pt-BR"},{"@type":"Organization","@id":"https:\/\/fahub.org.br\/#organization","name":"FAHUB","url":"https:\/\/fahub.org.br\/","logo":{"@type":"ImageObject","inLanguage":"pt-BR","@id":"https:\/\/fahub.org.br\/#\/schema\/logo\/image\/","url":"https:\/\/fahub.org.br\/wp-content\/uploads\/2021\/10\/Design-sem-nome-34.png","contentUrl":"https:\/\/fahub.org.br\/wp-content\/uploads\/2021\/10\/Design-sem-nome-34.png","width":1080,"height":1080,"caption":"FAHUB"},"image":{"@id":"https:\/\/fahub.org.br\/#\/schema\/logo\/image\/"}}]}},"_links":{"self":[{"href":"https:\/\/fahub.org.br\/index.php?rest_route=\/wp\/v2\/pages\/180","targetHints":{"allow":["GET"]}}],"collection":[{"href":"https:\/\/fahub.org.br\/index.php?rest_route=\/wp\/v2\/pages"}],"about":[{"href":"https:\/\/fahub.org.br\/index.php?rest_route=\/wp\/v2\/types\/page"}],"author":[{"embeddable":true,"href":"https:\/\/fahub.org.br\/index.php?rest_route=\/wp\/v2\/users\/1"}],"replies":[{"embeddable":true,"href":"https:\/\/fahub.org.br\/index.php?rest_route=%2Fwp%2Fv2%2Fcomments&post=180"}],"version-history":[{"count":0,"href":"https:\/\/fahub.org.br\/index.php?rest_route=\/wp\/v2\/pages\/180\/revisions"}],"wp:attachment":[{"href":"https:\/\/fahub.org.br\/index.php?rest_route=%2Fwp%2Fv2%2Fmedia&parent=180"}],"curies":[{"name":"wp","href":"https:\/\/api.w.org\/{rel}","templated":true}]}}